{"id":10639,"date":"2017-01-03T15:15:58","date_gmt":"2017-01-03T15:15:58","guid":{"rendered":"http:\/\/localhost\/wordpress\/femalecoach\/?page_id=100"},"modified":"2019-08-27T16:01:19","modified_gmt":"2019-08-27T14:01:19","slug":"lead-page-1","status":"publish","type":"page","link":"https:\/\/valeriedauchez.com\/en\/lead-page-1\/","title":{"rendered":"COACHING"},"content":{"rendered":"<h1 style=\"text-align: center;\"><strong>Comment le coaching scolaire peut aider l&#8217;\u00e9l\u00e8ve \u00e0 adopter de nouvelles habitudes de r\u00e9ussite scolaire<\/strong><\/h1>\n<p><span style=\"color: #000000;\"><strong>Le coaching scolaire accompagne l&#8217;apprenant vers la ma\u00eetrise de ses capacit\u00e9s, lui permettant le d\u00e9veloppement de son plein potentiel et de son autonomie.<\/strong><\/span><\/p>\n<p><span style=\"color: #000000;\">Le coaching est un r\u00e9v\u00e9lateur d\u2019aptitudes qui permet de d\u00e9couvrir son propre syst\u00e8me de repr\u00e9sentation, d&#8217;apprentissage et de modifier ses comportements.<\/span><\/p>\n<p><span style=\"color: #000000;\"><strong>C\u2019est un accompagnement individuel et personnalis\u00e9<\/strong> qui permet de d\u00e9passer une situation bloquante v\u00e9cue parfois comme d\u00e9valorisante et\/ou stressante.\u00a0<\/span><\/p>\n<p><span style=\"color: #000000;\">Le coaching est un <strong>espace d&#8217;\u00e9coute et de construction \u00e0 deux<\/strong> vers l&#8217;am\u00e9lioration progressive de son apprentissage.<\/span><\/p>\n<p><span style=\"color: #000000;\">Son objectif est de faire travailler l&#8217;apprenant et de l\u2019amener \u00e0 mieux conna\u00eetre son potentiel de changement pour se remettre en action.<\/span><\/p>\n<p><span style=\"color: #000000;\"><strong>Le coaching scolaire<\/strong> : des actions dirig\u00e9es et concr\u00e8tes qui permettent d\u2019utiliser une autre m\u00e9thode que les solutions habituelles pour atteindre l\u2019objectif.<\/span><\/p>\n<p><span style=\"color: #000000;\">Il permet au coach\u00e9 de trouver ses propres solutions et de g\u00e9n\u00e9rer, par rapport \u00e0 son milieu scolaire, les actions n\u00e9cessaires pour r\u00e9ussir.<\/span><\/p>\n<p><span style=\"color: #000000;\">Il contribue \u00e0 aligner chez lui, le c\u0153ur, la t\u00eate et le corps avec ses objectifs scolaires afin d&#8217;\u00eatre en congruence et de rester motiv\u00e9.<\/span><\/p>\n<p><span style=\"color: #000000;\"><strong>L\u2019action du coaching est durable<\/strong> parce qu\u2019elle est source de remise en question par le coach\u00e9 qui devient acteur de son d\u00e9veloppement tout en \u00e9tant accompagn\u00e9 dans une dynamique de motivation.<\/span><\/p>\n<h2><strong>Contactez-moi pour en savoir plus et pour enfin reprendre confiance en votre capacit\u00e9 \u00e0 r\u00e9ussir!<\/strong><\/h2>\n\n<div class=\"wpcf7 no-js\" id=\"wpcf7-f6201-o1\" lang=\"en-US\" dir=\"ltr\" data-wpcf7-id=\"6201\">\n<div class=\"screen-reader-response\"><p role=\"status\" aria-live=\"polite\" aria-atomic=\"true\"><\/p> <ul><\/ul><\/div>\n<form action=\"\/en\/wp-json\/wp\/v2\/pages\/10639#wpcf7-f6201-o1\" method=\"post\" class=\"wpcf7-form init\" aria-label=\"Contact form\" novalidate=\"novalidate\" data-status=\"init\">\n<fieldset class=\"hidden-fields-container\"><input type=\"hidden\" name=\"_wpcf7\" value=\"6201\" \/><input type=\"hidden\" name=\"_wpcf7_version\" value=\"6.1.5\" \/><input type=\"hidden\" name=\"_wpcf7_locale\" value=\"en_US\" \/><input type=\"hidden\" name=\"_wpcf7_unit_tag\" value=\"wpcf7-f6201-o1\" \/><input type=\"hidden\" name=\"_wpcf7_container_post\" value=\"0\" \/><input type=\"hidden\" name=\"_wpcf7_posted_data_hash\" value=\"\" \/>\n<\/fieldset>\n<div class=\"contact-left\">\n\t<p><span class=\"wpcf7-form-control-wrap\" data-name=\"your-name\"><input size=\"40\" maxlength=\"400\" class=\"wpcf7-form-control wpcf7-text wpcf7-validates-as-required\" aria-required=\"true\" aria-invalid=\"false\" placeholder=\"Nom *\" value=\"\" type=\"text\" name=\"your-name\" \/><\/span>\n\t<\/p>\n\t<p><span class=\"wpcf7-form-control-wrap\" data-name=\"your-Surname\"><input size=\"40\" maxlength=\"400\" class=\"wpcf7-form-control wpcf7-text wpcf7-validates-as-required\" aria-required=\"true\" aria-invalid=\"false\" placeholder=\"Pr\u00e9nom *\" value=\"\" type=\"text\" name=\"your-Surname\" \/><\/span>\n\t<\/p>\n\t<p><span class=\"wpcf7-form-control-wrap\" data-name=\"your-email\"><input size=\"40\" maxlength=\"400\" class=\"wpcf7-form-control wpcf7-email wpcf7-validates-as-required wpcf7-text wpcf7-validates-as-email\" aria-required=\"true\" aria-invalid=\"false\" placeholder=\"Courriel *\" value=\"\" type=\"email\" name=\"your-email\" \/><\/span>\n\t<\/p>\n\t<p><span class=\"wpcf7-form-control-wrap\" data-name=\"your-subject\"><input size=\"40\" maxlength=\"400\" class=\"wpcf7-form-control wpcf7-text\" aria-invalid=\"false\" placeholder=\"Sujet\" value=\"\" type=\"text\" name=\"your-subject\" \/><\/span>\n\t<\/p>\n<\/div>\n<div class=\"contact-right\">\n\t<p><span class=\"wpcf7-form-control-wrap\" data-name=\"your-message\"><textarea cols=\"40\" rows=\"10\" maxlength=\"2000\" class=\"wpcf7-form-control wpcf7-textarea wpcf7-validates-as-required\" aria-required=\"true\" aria-invalid=\"false\" placeholder=\"Message *\" name=\"your-message\"><\/textarea><\/span>\n\t<\/p>\n<\/div>\n<p class=\"contact-submit\"><input class=\"wpcf7-form-control wpcf7-submit has-spinner\" type=\"submit\" value=\"Envoyer Un Message\" \/>\n<\/p>\n<p>J'ai lu et accepte la politique de confidentialit\u00e9 *\n<\/p><p style=\"display: none !important;\" class=\"akismet-fields-container\" data-prefix=\"_wpcf7_ak_\"><label>&#916;<textarea name=\"_wpcf7_ak_hp_textarea\" cols=\"45\" rows=\"8\" maxlength=\"100\"><\/textarea><\/label><input type=\"hidden\" id=\"ak_js_1\" name=\"_wpcf7_ak_js\" value=\"88\"\/><script>document.getElementById( \"ak_js_1\" ).setAttribute( \"value\", ( new Date() ).getTime() );<\/script><\/p><div class=\"wpcf7-response-output\" aria-hidden=\"true\"><\/div>\n<\/form>\n<\/div>\n\n","protected":false},"excerpt":{"rendered":"<p>Comment le coaching scolaire peut aider l&#8217;\u00e9l\u00e8ve \u00e0 adopter de nouvelles habitudes de r\u00e9ussite scolaire Le coaching scolaire accompagne l&#8217;apprenant vers la ma\u00eetrise de ses capacit\u00e9s, lui permettant le d\u00e9veloppement&#8230;<\/p>\n","protected":false},"author":1,"featured_media":11029,"parent":0,"menu_order":0,"comment_status":"closed","ping_status":"closed","template":"template-leadpage-1.php","meta":{"_bbp_topic_count":0,"_bbp_reply_count":0,"_bbp_total_topic_count":0,"_bbp_total_reply_count":0,"_bbp_voice_count":0,"_bbp_anonymous_reply_count":0,"_bbp_topic_count_hidden":0,"_bbp_reply_count_hidden":0,"_bbp_forum_subforum_count":0,"pmpro_default_level":0,"_monsterinsights_skip_tracking":false,"_monsterinsights_sitenote_active":false,"_monsterinsights_sitenote_note":"","_monsterinsights_sitenote_category":0,"footnotes":""},"class_list":["post-10639","page","type-page","status-publish","has-post-thumbnail","hentry","pmpro-has-access"],"yoast_head":"<!-- This site is optimized with the Yoast SEO plugin v22.0 - https:\/\/yoast.com\/wordpress\/plugins\/seo\/ -->\n<title>COACHING - Val\u00e9rie Dauchez<\/title>\n<meta name=\"robots\" content=\"index, follow, max-snippet:-1, max-image-preview:large, max-video-preview:-1\" \/>\n<link rel=\"canonical\" href=\"https:\/\/valeriedauchez.com\/en\/lead-page-1\/\" \/>\n<meta property=\"og:locale\" content=\"en_US\" \/>\n<meta property=\"og:type\" content=\"article\" \/>\n<meta property=\"og:title\" content=\"COACHING - Val\u00e9rie Dauchez\" \/>\n<meta property=\"og:description\" content=\"Comment le coaching scolaire peut aider l&#8217;\u00e9l\u00e8ve \u00e0 adopter de nouvelles habitudes de r\u00e9ussite scolaire Le coaching scolaire accompagne l&#8217;apprenant vers la ma\u00eetrise de ses capacit\u00e9s, lui permettant le d\u00e9veloppement...\" \/>\n<meta property=\"og:url\" content=\"https:\/\/valeriedauchez.com\/en\/lead-page-1\/\" \/>\n<meta property=\"og:site_name\" content=\"Val\u00e9rie Dauchez\" \/>\n<meta property=\"article:publisher\" content=\"https:\/\/www.facebook.com\/VD-Coaching-150244235648675\/\" \/>\n<meta property=\"article:modified_time\" content=\"2019-08-27T14:01:19+00:00\" \/>\n<meta property=\"og:image\" content=\"https:\/\/valeriedauchez.com\/wp-content\/uploads\/2019\/03\/COACHING-ROSE.jpg\" \/>\n\t<meta property=\"og:image:width\" content=\"720\" \/>\n\t<meta property=\"og:image:height\" content=\"777\" \/>\n\t<meta property=\"og:image:type\" content=\"image\/jpeg\" \/>\n<meta name=\"twitter:card\" content=\"summary_large_image\" \/>\n<meta name=\"twitter:label1\" content=\"Est. reading time\" \/>\n\t<meta name=\"twitter:data1\" content=\"1 minute\" \/>\n<script type=\"application\/ld+json\" class=\"yoast-schema-graph\">{\"@context\":\"https:\/\/schema.org\",\"@graph\":[{\"@type\":\"WebPage\",\"@id\":\"https:\/\/valeriedauchez.com\/en\/lead-page-1\/\",\"url\":\"https:\/\/valeriedauchez.com\/en\/lead-page-1\/\",\"name\":\"COACHING - Val\u00e9rie Dauchez\",\"isPartOf\":{\"@id\":\"https:\/\/valeriedauchez.com\/#website\"},\"datePublished\":\"2017-01-03T15:15:58+00:00\",\"dateModified\":\"2019-08-27T14:01:19+00:00\",\"breadcrumb\":{\"@id\":\"https:\/\/valeriedauchez.com\/en\/lead-page-1\/#breadcrumb\"},\"inLanguage\":\"en-US\",\"potentialAction\":[{\"@type\":\"ReadAction\",\"target\":[\"https:\/\/valeriedauchez.com\/en\/lead-page-1\/\"]}]},{\"@type\":\"BreadcrumbList\",\"@id\":\"https:\/\/valeriedauchez.com\/en\/lead-page-1\/#breadcrumb\",\"itemListElement\":[{\"@type\":\"ListItem\",\"position\":1,\"name\":\"Accueil\",\"item\":\"https:\/\/valeriedauchez.com\/\"},{\"@type\":\"ListItem\",\"position\":2,\"name\":\"COACHING\"}]},{\"@type\":\"WebSite\",\"@id\":\"https:\/\/valeriedauchez.com\/#website\",\"url\":\"https:\/\/valeriedauchez.com\/\",\"name\":\"Val\u00e9rie Dauchez\",\"description\":\"Les jeunes sont le changement que nous voulons voir dans le monde!\",\"publisher\":{\"@id\":\"https:\/\/valeriedauchez.com\/#organization\"},\"potentialAction\":[{\"@type\":\"SearchAction\",\"target\":{\"@type\":\"EntryPoint\",\"urlTemplate\":\"https:\/\/valeriedauchez.com\/?s={search_term_string}\"},\"query-input\":\"required name=search_term_string\"}],\"inLanguage\":\"en-US\"},{\"@type\":\"Organization\",\"@id\":\"https:\/\/valeriedauchez.com\/#organization\",\"name\":\"VD Coaching\",\"url\":\"https:\/\/valeriedauchez.com\/\",\"logo\":{\"@type\":\"ImageObject\",\"inLanguage\":\"en-US\",\"@id\":\"https:\/\/valeriedauchez.com\/#\/schema\/logo\/image\/\",\"url\":\"https:\/\/apprendre-efficacement.fr\/wp-content\/uploads\/2018\/03\/LOGO-VD-Coahcing-1.jpg\",\"contentUrl\":\"https:\/\/apprendre-efficacement.fr\/wp-content\/uploads\/2018\/03\/LOGO-VD-Coahcing-1.jpg\",\"width\":819,\"height\":819,\"caption\":\"VD Coaching\"},\"image\":{\"@id\":\"https:\/\/valeriedauchez.com\/#\/schema\/logo\/image\/\"},\"sameAs\":[\"https:\/\/www.facebook.com\/VD-Coaching-150244235648675\/\"]}]}<\/script>\n<!-- \/ Yoast SEO plugin. -->","yoast_head_json":{"title":"COACHING - Val\u00e9rie Dauchez","robots":{"index":"index","follow":"follow","max-snippet":"max-snippet:-1","max-image-preview":"max-image-preview:large","max-video-preview":"max-video-preview:-1"},"canonical":"https:\/\/valeriedauchez.com\/en\/lead-page-1\/","og_locale":"en_US","og_type":"article","og_title":"COACHING - Val\u00e9rie Dauchez","og_description":"Comment le coaching scolaire peut aider l&#8217;\u00e9l\u00e8ve \u00e0 adopter de nouvelles habitudes de r\u00e9ussite scolaire Le coaching scolaire accompagne l&#8217;apprenant vers la ma\u00eetrise de ses capacit\u00e9s, lui permettant le d\u00e9veloppement...","og_url":"https:\/\/valeriedauchez.com\/en\/lead-page-1\/","og_site_name":"Val\u00e9rie Dauchez","article_publisher":"https:\/\/www.facebook.com\/VD-Coaching-150244235648675\/","article_modified_time":"2019-08-27T14:01:19+00:00","og_image":[{"width":720,"height":777,"url":"https:\/\/valeriedauchez.com\/wp-content\/uploads\/2019\/03\/COACHING-ROSE.jpg","type":"image\/jpeg"}],"twitter_card":"summary_large_image","twitter_misc":{"Est. reading time":"1 minute"},"schema":{"@context":"https:\/\/schema.org","@graph":[{"@type":"WebPage","@id":"https:\/\/valeriedauchez.com\/en\/lead-page-1\/","url":"https:\/\/valeriedauchez.com\/en\/lead-page-1\/","name":"COACHING - Val\u00e9rie Dauchez","isPartOf":{"@id":"https:\/\/valeriedauchez.com\/#website"},"datePublished":"2017-01-03T15:15:58+00:00","dateModified":"2019-08-27T14:01:19+00:00","breadcrumb":{"@id":"https:\/\/valeriedauchez.com\/en\/lead-page-1\/#breadcrumb"},"inLanguage":"en-US","potentialAction":[{"@type":"ReadAction","target":["https:\/\/valeriedauchez.com\/en\/lead-page-1\/"]}]},{"@type":"BreadcrumbList","@id":"https:\/\/valeriedauchez.com\/en\/lead-page-1\/#breadcrumb","itemListElement":[{"@type":"ListItem","position":1,"name":"Accueil","item":"https:\/\/valeriedauchez.com\/"},{"@type":"ListItem","position":2,"name":"COACHING"}]},{"@type":"WebSite","@id":"https:\/\/valeriedauchez.com\/#website","url":"https:\/\/valeriedauchez.com\/","name":"Val\u00e9rie Dauchez","description":"Les jeunes sont le changement que nous voulons voir dans le monde!","publisher":{"@id":"https:\/\/valeriedauchez.com\/#organization"},"potentialAction":[{"@type":"SearchAction","target":{"@type":"EntryPoint","urlTemplate":"https:\/\/valeriedauchez.com\/?s={search_term_string}"},"query-input":"required name=search_term_string"}],"inLanguage":"en-US"},{"@type":"Organization","@id":"https:\/\/valeriedauchez.com\/#organization","name":"VD Coaching","url":"https:\/\/valeriedauchez.com\/","logo":{"@type":"ImageObject","inLanguage":"en-US","@id":"https:\/\/valeriedauchez.com\/#\/schema\/logo\/image\/","url":"https:\/\/apprendre-efficacement.fr\/wp-content\/uploads\/2018\/03\/LOGO-VD-Coahcing-1.jpg","contentUrl":"https:\/\/apprendre-efficacement.fr\/wp-content\/uploads\/2018\/03\/LOGO-VD-Coahcing-1.jpg","width":819,"height":819,"caption":"VD Coaching"},"image":{"@id":"https:\/\/valeriedauchez.com\/#\/schema\/logo\/image\/"},"sameAs":["https:\/\/www.facebook.com\/VD-Coaching-150244235648675\/"]}]}},"_links":{"self":[{"href":"https:\/\/valeriedauchez.com\/en\/wp-json\/wp\/v2\/pages\/10639","targetHints":{"allow":["GET"]}}],"collection":[{"href":"https:\/\/valeriedauchez.com\/en\/wp-json\/wp\/v2\/pages"}],"about":[{"href":"https:\/\/valeriedauchez.com\/en\/wp-json\/wp\/v2\/types\/page"}],"author":[{"embeddable":true,"href":"https:\/\/valeriedauchez.com\/en\/wp-json\/wp\/v2\/users\/1"}],"replies":[{"embeddable":true,"href":"https:\/\/valeriedauchez.com\/en\/wp-json\/wp\/v2\/comments?post=10639"}],"version-history":[{"count":13,"href":"https:\/\/valeriedauchez.com\/en\/wp-json\/wp\/v2\/pages\/10639\/revisions"}],"predecessor-version":[{"id":11565,"href":"https:\/\/valeriedauchez.com\/en\/wp-json\/wp\/v2\/pages\/10639\/revisions\/11565"}],"wp:featuredmedia":[{"embeddable":true,"href":"https:\/\/valeriedauchez.com\/en\/wp-json\/wp\/v2\/media\/11029"}],"wp:attachment":[{"href":"https:\/\/valeriedauchez.com\/en\/wp-json\/wp\/v2\/media?parent=10639"}],"curies":[{"name":"wp","href":"https:\/\/api.w.org\/{rel}","templated":true}]}}