{"id":11544,"date":"2019-08-27T14:37:47","date_gmt":"2019-08-27T12:37:47","guid":{"rendered":"https:\/\/apprendre-efficacement.fr\/?page_id=11544"},"modified":"2019-08-27T14:40:51","modified_gmt":"2019-08-27T12:40:51","slug":"charte-de-deontologie","status":"publish","type":"page","link":"https:\/\/valeriedauchez.com\/en\/charte-de-deontologie\/","title":{"rendered":"Charte de d\u00e9ontologie"},"content":{"rendered":"\t\t<div data-elementor-type=\"wp-post\" data-elementor-id=\"11544\" class=\"elementor elementor-11544\">\n\t\t\t\t\t\t<section class=\"elementor-section elementor-top-section elementor-element elementor-element-9a9c109 elementor-section-boxed elementor-section-height-default elementor-section-height-default\" data-id=\"9a9c109\" data-element_type=\"section\" data-e-type=\"section\">\n\t\t\t\t\t\t<div class=\"elementor-container elementor-column-gap-default\">\n\t\t\t\t\t<div class=\"elementor-column elementor-col-100 elementor-top-column elementor-element elementor-element-6edd22b\" data-id=\"6edd22b\" data-element_type=\"column\" data-e-type=\"column\">\n\t\t\t<div class=\"elementor-widget-wrap elementor-element-populated\">\n\t\t\t\t\t\t<div class=\"elementor-element elementor-element-0ae7b9f elementor-widget elementor-widget-text-editor\" data-id=\"0ae7b9f\" data-element_type=\"widget\" data-e-type=\"widget\" data-widget_type=\"text-editor.default\">\n\t\t\t\t<div class=\"elementor-widget-container\">\n\t\t\t\t\t\t\t\t\t<p class=\"MsoNormal\" style=\"margin-bottom: .0001pt; text-align: center; line-height: normal;\" align=\"center\"><span style=\"font-family: verdana, geneva, sans-serif;\"><span style=\"font-size: 28px; color: #0000ff;\"><b>Charte de d\u00e9ontologie<\/b><\/span><b><\/b><\/span><\/p><p class=\"MsoNormal\" style=\"margin-bottom: 0.0001pt; text-align: justify; line-height: normal; background-image: initial; background-position: initial; background-size: initial; background-repeat: initial; background-attachment: initial; background-origin: initial; background-clip: initial;\"><span style=\"font-family: verdana, geneva, sans-serif;\"><b><span style=\"font-size: 12pt; color: #222222;\">\u00a0<\/span><\/b><\/span><\/p><p>\u00a0<\/p><p class=\"MsoNormal\" style=\"margin-bottom: 0.0001pt; text-align: justify; line-height: normal; background-image: initial; background-position: initial; background-size: initial; background-repeat: initial; background-attachment: initial; background-origin: initial; background-clip: initial;\"><span style=\"font-family: verdana, geneva, sans-serif; color: #993366;\"><b><span style=\"font-size: 10.5pt;\">Les obligations du coach\u00a0:<\/span><\/b><\/span><\/p><p class=\"MsoNormal\" style=\"margin-bottom: 0.0001pt; text-align: justify; line-height: normal; background-image: initial; background-position: initial; background-size: initial; background-repeat: initial; background-attachment: initial; background-origin: initial; background-clip: initial;\"><span style=\"font-size: 10.5pt; font-family: verdana, geneva, sans-serif; color: #222222;\">Le coach s\u2019autorise en conscience, \u00e0 exercer cette fonction \u00e0 partir de sa formation, de son exp\u00e9rience, de sa supervision et du travail qu\u2019il a fait sur lui-m\u00eame.<\/span><\/p><p class=\"MsoNormal\" style=\"margin-bottom: 0.0001pt; text-align: justify; line-height: normal; background-image: initial; background-position: initial; background-size: initial; background-repeat: initial; background-attachment: initial; background-origin: initial; background-clip: initial;\"><span style=\"font-size: 10.5pt; font-family: verdana, geneva, sans-serif; color: #222222;\">Le coach s\u2019astreint au secret professionnel et garde comme confidentiels, le contenu des \u00e9changes survenus au cours d\u2019une s\u00e9ance de coaching et les informations transmises par son client.<\/span><\/p><p class=\"MsoNormal\" style=\"margin-bottom: 0.0001pt; text-align: justify; line-height: normal; background-image: initial; background-position: initial; background-size: initial; background-repeat: initial; background-attachment: initial; background-origin: initial; background-clip: initial;\"><span style=\"font-size: 10.5pt; font-family: verdana, geneva, sans-serif; color: #222222;\">\u00a0<\/span><\/p><p class=\"MsoNormal\" style=\"margin-bottom: 0.0001pt; text-align: justify; line-height: normal; background-image: initial; background-position: initial; background-size: initial; background-repeat: initial; background-attachment: initial; background-origin: initial; background-clip: initial;\"><span style=\"font-family: verdana, geneva, sans-serif; color: #993366;\"><b><span style=\"font-size: 10.5pt;\">La conduite professionnelle du coach \u00e0 l\u2019\u00e9gard de ses clients\u00a0:<\/span><\/b><\/span><\/p><p class=\"MsoNormal\" style=\"margin-bottom: 0.0001pt; text-align: justify; line-height: normal; background-image: initial; background-position: initial; background-size: initial; background-repeat: initial; background-attachment: initial; background-origin: initial; background-clip: initial;\"><span style=\"font-size: 10.5pt; font-family: verdana, geneva, sans-serif; color: #222222;\">Le coach pr\u00e9sente clairement et pr\u00e9cis\u00e9ment \u00e0 son client ses qualifications, ses savoir-faire et son exp\u00e9rience.<\/span><\/p><p class=\"MsoNormal\" style=\"margin-bottom: 0.0001pt; text-align: justify; line-height: normal; background-image: initial; background-position: initial; background-size: initial; background-repeat: initial; background-attachment: initial; background-origin: initial; background-clip: initial;\"><span style=\"font-size: 10.5pt; font-family: verdana, geneva, sans-serif; color: #222222;\">Toute action de coaching s\u2019inscrit dans le cadre d\u2019un contrat (\u00e9crit ou oral) r\u00e9aliste, accept\u00e9 par les parties et dont les modalit\u00e9s seront respect\u00e9es par chacune d\u2019entre elles.<\/span><\/p><p class=\"MsoNormal\" style=\"margin-bottom: 0.0001pt; text-align: justify; line-height: normal; background-image: initial; background-position: initial; background-size: initial; background-repeat: initial; background-attachment: initial; background-origin: initial; background-clip: initial;\"><span style=\"font-size: 10.5pt; font-family: verdana, geneva, sans-serif; color: #222222;\">Le coach s\u2019assure d\u00e8s la premi\u00e8re s\u00e9ance que son client a bien compris la nature du coaching, le cadre de la confidentialit\u00e9, les accords financiers et les autres termes du contrat de coaching afin d\u2019ent\u00e9riner son acceptation.<\/span><\/p><p class=\"MsoNormal\" style=\"margin-bottom: 0.0001pt; text-align: justify; line-height: normal; background-image: initial; background-position: initial; background-size: initial; background-repeat: initial; background-attachment: initial; background-origin: initial; background-clip: initial;\"><span style=\"font-size: 10.5pt; font-family: verdana, geneva, sans-serif; color: #222222;\">Le coach croit en chaque client, sa cr\u00e9ativit\u00e9, ses ressources et son int\u00e9grit\u00e9 pour atteindre son objectif.<\/span><\/p><p class=\"MsoNormal\" style=\"margin-bottom: 0.0001pt; text-align: justify; line-height: normal; background-image: initial; background-position: initial; background-size: initial; background-repeat: initial; background-attachment: initial; background-origin: initial; background-clip: initial;\"><span style=\"font-size: 10.5pt; font-family: verdana, geneva, sans-serif; color: #222222;\">Le coach s\u2019interdit tout abus d\u2019influence sur son client, l\u2019encourage \u00e0 exploiter ses propres potentialit\u00e9s et, laisse de ce fait, toute responsabilit\u00e9 dans la prise de ses d\u00e9cisions au coach\u00e9.<\/span><\/p><p class=\"MsoNormal\" style=\"margin-bottom: 0.0001pt; text-align: justify; line-height: normal; background-image: initial; background-position: initial; background-size: initial; background-repeat: initial; background-attachment: initial; background-origin: initial; background-clip: initial;\"><span style=\"font-size: 10.5pt; font-family: verdana, geneva, sans-serif; color: #222222;\">Le coach \u00e9vite les promesses et engagements sur des r\u00e9sultats de coaching qu\u2019il n\u2019est pas absolument s\u00fbr d\u2019obtenir ainsi que toute diffusion d\u2019informations ou avis qui pourraient \u00eatre trompeurs pour le coach\u00e9.<\/span><\/p><p class=\"MsoNormal\" style=\"margin-bottom: 0.0001pt; text-align: justify; line-height: normal; background-image: initial; background-position: initial; background-size: initial; background-repeat: initial; background-attachment: initial; background-origin: initial; background-clip: initial;\"><span style=\"font-size: 10.5pt; font-family: verdana, geneva, sans-serif; color: #222222;\">Le coach s\u2019engage \u00e0 maintenir des limites claires, pertinentes et culturellement adapt\u00e9es dans tout contact physique et relationnel avec ses clients.<\/span><\/p><p class=\"MsoNormal\" style=\"margin-bottom: 0.0001pt; text-align: justify; line-height: normal; background-image: initial; background-position: initial; background-size: initial; background-repeat: initial; background-attachment: initial; background-origin: initial; background-clip: initial;\"><span style=\"font-size: 10.5pt; font-family: verdana, geneva, sans-serif; color: #222222;\">Le coach n\u2019a pas \u00e0 exploiter, \u00e0 son profit pour un avantage personnel, professionnel ou financier des aspects de sa relation avec son client.<\/span><\/p><p class=\"MsoNormal\" style=\"margin-bottom: 0.0001pt; text-align: justify; line-height: normal; background-image: initial; background-position: initial; background-size: initial; background-repeat: initial; background-attachment: initial; background-origin: initial; background-clip: initial;\"><span style=\"font-size: 10.5pt; font-family: verdana, geneva, sans-serif; color: #222222;\">Dans le respect des conditions du contrat, le coaching peut \u00eatre termin\u00e9 \u00e0 la demande du client \u00e0 tout moment.<\/span><\/p><p class=\"MsoNormal\" style=\"margin-bottom: 0.0001pt; text-align: justify; line-height: normal; background-image: initial; background-position: initial; background-size: initial; background-repeat: initial; background-attachment: initial; background-origin: initial; background-clip: initial;\"><span style=\"font-size: 10.5pt; font-family: verdana, geneva, sans-serif; color: #222222;\">Le coach est attentif aux signaux traduisant que ce dernier ne tire plus parti de la relation de coaching.<\/span><\/p><p class=\"MsoNormal\" style=\"margin-bottom: 0.0001pt; text-align: justify; line-height: normal; background-image: initial; background-position: initial; background-size: initial; background-repeat: initial; background-attachment: initial; background-origin: initial; background-clip: initial;\"><span style=\"font-size: 10.5pt; font-family: verdana, geneva, sans-serif; color: #222222;\">Le coach met tout en \u0153uvre pour permettre le d\u00e9veloppement personnel et professionnel de son client et peut lorsque cela parait n\u00e9cessaire et pertinent, l\u2019inciter \u00e0 recourir \u00e0 un confr\u00e8re ou \u00e0 un autre professionnel.<\/span><\/p><p class=\"MsoNormal\" style=\"margin-bottom: 0.0001pt; text-align: justify; line-height: normal; background-image: initial; background-position: initial; background-size: initial; background-repeat: initial; background-attachment: initial; background-origin: initial; background-clip: initial;\"><span style=\"font-size: 10.5pt; font-family: verdana, geneva, sans-serif; color: #222222;\">Le coach prendra toutes les mesures utiles pour informer les autorit\u00e9s comp\u00e9tentes dans le cas o\u00f9 son client d\u00e9clarerait une intention de mettre en danger lui-m\u00eame ou des tiers.<\/span><\/p><p class=\"MsoNormal\" style=\"margin-bottom: 0.0001pt; text-align: justify; line-height: normal; background-image: initial; background-position: initial; background-size: initial; background-repeat: initial; background-attachment: initial; background-origin: initial; background-clip: initial;\"><span style=\"font-family: verdana, geneva, sans-serif;\"><b><span style=\"font-size: 10.5pt; color: #222222;\">\u00a0<\/span><\/b><\/span><\/p><p class=\"MsoNormal\" style=\"margin-bottom: 0.0001pt; text-align: justify; line-height: normal; background-image: initial; background-position: initial; background-size: initial; background-repeat: initial; background-attachment: initial; background-origin: initial; background-clip: initial;\"><span style=\"font-family: verdana, geneva, sans-serif; color: #993366;\"><b><span style=\"font-size: 10.5pt;\">L\u2019obligation de confidentialit\u00e9 du coach\u00a0:<\/span><\/b><\/span><\/p><p class=\"MsoNormal\" style=\"margin-bottom: 0.0001pt; text-align: justify; line-height: normal; background-image: initial; background-position: initial; background-size: initial; background-repeat: initial; background-attachment: initial; background-origin: initial; background-clip: initial;\"><span style=\"font-size: 10.5pt; font-family: verdana, geneva, sans-serif; color: #222222;\">Le coach respecte la confidentialit\u00e9 des propos de son client, sauf autorisation expresse de la part de ce dernier ou exigence contraire de la loi.<\/span><\/p><p class=\"MsoNormal\" style=\"margin-bottom: 0.0001pt; text-align: justify; line-height: normal; background-image: initial; background-position: initial; background-size: initial; background-repeat: initial; background-attachment: initial; background-origin: initial; background-clip: initial;\"><span style=\"font-size: 10.5pt; font-family: verdana, geneva, sans-serif; color: #222222;\">Le coach demande l\u2019accord de ses clients avant de mentionner leur identit\u00e9 ou toute information permettant de les identifier.<\/span><\/p><p class=\"MsoNormal\" style=\"margin-bottom: 0.0001pt; text-align: justify; line-height: normal; background-image: initial; background-position: initial; background-size: initial; background-repeat: initial; background-attachment: initial; background-origin: initial; background-clip: initial;\"><span style=\"font-size: 10.5pt; font-family: verdana, geneva, sans-serif; color: #222222;\">Le coach informe et demande l\u2019accord du b\u00e9n\u00e9ficiaire du coaching avant de d\u00e9voiler toute information le concernant \u00e0 quiconque r\u00e9mun\u00e8re sa prestation (parents, \u00e9tablissement d\u2019enseignement\u2026).<\/span><\/p><p class=\"MsoNormal\" style=\"margin-bottom: 0.0001pt; text-align: justify; line-height: normal; background-image: initial; background-position: initial; background-size: initial; background-repeat: initial; background-attachment: initial; background-origin: initial; background-clip: initial;\"><span style=\"font-family: verdana, geneva, sans-serif;\"><b><span style=\"font-size: 10.5pt; color: #222222;\">\u00a0<\/span><\/b><\/span><\/p><p class=\"MsoNormal\" style=\"margin-bottom: 0.0001pt; text-align: justify; line-height: normal; background-image: initial; background-position: initial; background-size: initial; background-repeat: initial; background-attachment: initial; background-origin: initial; background-clip: initial;\"><span style=\"font-family: verdana, geneva, sans-serif; color: #993366;\"><b><span style=\"font-size: 10.5pt;\">Les Conflits d\u2019int\u00e9r\u00eats\u00a0:<\/span><\/b><\/span><\/p><p class=\"MsoNormal\" style=\"margin-bottom: 0.0001pt; text-align: justify; line-height: normal; background-image: initial; background-position: initial; background-size: initial; background-repeat: initial; background-attachment: initial; background-origin: initial; background-clip: initial;\"><span style=\"font-size: 10.5pt; font-family: verdana, geneva, sans-serif; color: #222222;\">Le coach veille \u00e0 \u00e9viter tout conflit entre ses int\u00e9r\u00eats, ceux du commanditaire et ceux de ses clients.<\/span><\/p><p class=\"MsoNormal\" style=\"margin-bottom: 0.0001pt; text-align: justify; line-height: normal; background-image: initial; background-position: initial; background-size: initial; background-repeat: initial; background-attachment: initial; background-origin: initial; background-clip: initial;\"><span style=\"font-size: 10.5pt; font-family: verdana, geneva, sans-serif; color: #222222;\">Dans le cas de conflit d\u2019int\u00e9r\u00eat, en cours ou potentiel, il exposera ouvertement la situation et recherchera avec les diff\u00e9rentes parties, la solution pour le traiter qui serve le mieux ce dernier.<\/span><\/p><p class=\"MsoNormal\" style=\"margin-bottom: 0.0001pt; text-align: justify; line-height: normal; background-image: initial; background-position: initial; background-size: initial; background-repeat: initial; background-attachment: initial; background-origin: initial; background-clip: initial;\"><span style=\"font-size: 10.5pt; font-family: verdana, geneva, sans-serif; color: #222222;\">La prestation de coaching fait l\u2019objet d\u2019une r\u00e9mun\u00e9ration, le coach pratiquera l\u2019\u00e9change contre des services, des biens ou toute autre r\u00e9mun\u00e9ration non financi\u00e8re seulement dans des cas qui n\u2019affectent pas la relation de coaching.<\/span><\/p><p>\u00a0<\/p><p class=\"MsoNormal\" style=\"margin-bottom: .0001pt; text-align: justify; line-height: normal;\"><span style=\"font-family: verdana, geneva, sans-serif;\"><i><span style=\"font-size: 10.5pt;\">\u00a0<\/span><\/i><\/span><\/p>\t\t\t\t\t\t\t\t<\/div>\n\t\t\t\t<\/div>\n\t\t\t\t\t<\/div>\n\t\t<\/div>\n\t\t\t\t\t<\/div>\n\t\t<\/section>\n\t\t\t\t<\/div>\n\t\t","protected":false},"excerpt":{"rendered":"<p>Charte de d\u00e9ontologie \u00a0 \u00a0 Les obligations du coach\u00a0: Le coach s\u2019autorise en conscience, \u00e0 exercer cette fonction \u00e0 partir de sa formation, de son exp\u00e9rience, de sa supervision et&#8230;<\/p>\n","protected":false},"author":1,"featured_media":0,"parent":0,"menu_order":0,"comment_status":"closed","ping_status":"closed","template":"","meta":{"_bbp_topic_count":0,"_bbp_reply_count":0,"_bbp_total_topic_count":0,"_bbp_total_reply_count":0,"_bbp_voice_count":0,"_bbp_anonymous_reply_count":0,"_bbp_topic_count_hidden":0,"_bbp_reply_count_hidden":0,"_bbp_forum_subforum_count":0,"pmpro_default_level":0,"_monsterinsights_skip_tracking":false,"_monsterinsights_sitenote_active":false,"_monsterinsights_sitenote_note":"","_monsterinsights_sitenote_category":0,"footnotes":""},"class_list":["post-11544","page","type-page","status-publish","hentry","pmpro-has-access"],"yoast_head":"<!-- This site is optimized with the Yoast SEO plugin v22.0 - https:\/\/yoast.com\/wordpress\/plugins\/seo\/ -->\n<title>Charte de d\u00e9ontologie - Val\u00e9rie Dauchez<\/title>\n<meta name=\"robots\" content=\"index, follow, max-snippet:-1, max-image-preview:large, max-video-preview:-1\" \/>\n<link rel=\"canonical\" href=\"https:\/\/valeriedauchez.com\/en\/charte-de-deontologie\/\" \/>\n<meta property=\"og:locale\" content=\"en_US\" \/>\n<meta property=\"og:type\" content=\"article\" \/>\n<meta property=\"og:title\" content=\"Charte de d\u00e9ontologie - Val\u00e9rie Dauchez\" \/>\n<meta property=\"og:description\" content=\"Charte de d\u00e9ontologie \u00a0 \u00a0 Les obligations du coach\u00a0: Le coach s\u2019autorise en conscience, \u00e0 exercer cette fonction \u00e0 partir de sa formation, de son exp\u00e9rience, de sa supervision et...\" \/>\n<meta property=\"og:url\" content=\"https:\/\/valeriedauchez.com\/en\/charte-de-deontologie\/\" \/>\n<meta property=\"og:site_name\" content=\"Val\u00e9rie Dauchez\" \/>\n<meta property=\"article:publisher\" content=\"https:\/\/www.facebook.com\/VD-Coaching-150244235648675\/\" \/>\n<meta property=\"article:modified_time\" content=\"2019-08-27T12:40:51+00:00\" \/>\n<meta name=\"twitter:card\" content=\"summary_large_image\" \/>\n<meta name=\"twitter:label1\" content=\"Est. reading time\" \/>\n\t<meta name=\"twitter:data1\" content=\"3 minutes\" \/>\n<script type=\"application\/ld+json\" class=\"yoast-schema-graph\">{\"@context\":\"https:\/\/schema.org\",\"@graph\":[{\"@type\":\"WebPage\",\"@id\":\"https:\/\/valeriedauchez.com\/en\/charte-de-deontologie\/\",\"url\":\"https:\/\/valeriedauchez.com\/en\/charte-de-deontologie\/\",\"name\":\"Charte de d\u00e9ontologie - Val\u00e9rie Dauchez\",\"isPartOf\":{\"@id\":\"https:\/\/valeriedauchez.com\/#website\"},\"datePublished\":\"2019-08-27T12:37:47+00:00\",\"dateModified\":\"2019-08-27T12:40:51+00:00\",\"breadcrumb\":{\"@id\":\"https:\/\/valeriedauchez.com\/en\/charte-de-deontologie\/#breadcrumb\"},\"inLanguage\":\"en-US\",\"potentialAction\":[{\"@type\":\"ReadAction\",\"target\":[\"https:\/\/valeriedauchez.com\/en\/charte-de-deontologie\/\"]}]},{\"@type\":\"BreadcrumbList\",\"@id\":\"https:\/\/valeriedauchez.com\/en\/charte-de-deontologie\/#breadcrumb\",\"itemListElement\":[{\"@type\":\"ListItem\",\"position\":1,\"name\":\"Accueil\",\"item\":\"https:\/\/valeriedauchez.com\/\"},{\"@type\":\"ListItem\",\"position\":2,\"name\":\"Charte de d\u00e9ontologie\"}]},{\"@type\":\"WebSite\",\"@id\":\"https:\/\/valeriedauchez.com\/#website\",\"url\":\"https:\/\/valeriedauchez.com\/\",\"name\":\"Val\u00e9rie Dauchez\",\"description\":\"Les jeunes sont le changement que nous voulons voir dans le monde!\",\"publisher\":{\"@id\":\"https:\/\/valeriedauchez.com\/#organization\"},\"potentialAction\":[{\"@type\":\"SearchAction\",\"target\":{\"@type\":\"EntryPoint\",\"urlTemplate\":\"https:\/\/valeriedauchez.com\/?s={search_term_string}\"},\"query-input\":\"required name=search_term_string\"}],\"inLanguage\":\"en-US\"},{\"@type\":\"Organization\",\"@id\":\"https:\/\/valeriedauchez.com\/#organization\",\"name\":\"VD Coaching\",\"url\":\"https:\/\/valeriedauchez.com\/\",\"logo\":{\"@type\":\"ImageObject\",\"inLanguage\":\"en-US\",\"@id\":\"https:\/\/valeriedauchez.com\/#\/schema\/logo\/image\/\",\"url\":\"https:\/\/apprendre-efficacement.fr\/wp-content\/uploads\/2018\/03\/LOGO-VD-Coahcing-1.jpg\",\"contentUrl\":\"https:\/\/apprendre-efficacement.fr\/wp-content\/uploads\/2018\/03\/LOGO-VD-Coahcing-1.jpg\",\"width\":819,\"height\":819,\"caption\":\"VD Coaching\"},\"image\":{\"@id\":\"https:\/\/valeriedauchez.com\/#\/schema\/logo\/image\/\"},\"sameAs\":[\"https:\/\/www.facebook.com\/VD-Coaching-150244235648675\/\"]}]}<\/script>\n<!-- \/ Yoast SEO plugin. -->","yoast_head_json":{"title":"Charte de d\u00e9ontologie - Val\u00e9rie Dauchez","robots":{"index":"index","follow":"follow","max-snippet":"max-snippet:-1","max-image-preview":"max-image-preview:large","max-video-preview":"max-video-preview:-1"},"canonical":"https:\/\/valeriedauchez.com\/en\/charte-de-deontologie\/","og_locale":"en_US","og_type":"article","og_title":"Charte de d\u00e9ontologie - Val\u00e9rie Dauchez","og_description":"Charte de d\u00e9ontologie \u00a0 \u00a0 Les obligations du coach\u00a0: Le coach s\u2019autorise en conscience, \u00e0 exercer cette fonction \u00e0 partir de sa formation, de son exp\u00e9rience, de sa supervision et...","og_url":"https:\/\/valeriedauchez.com\/en\/charte-de-deontologie\/","og_site_name":"Val\u00e9rie Dauchez","article_publisher":"https:\/\/www.facebook.com\/VD-Coaching-150244235648675\/","article_modified_time":"2019-08-27T12:40:51+00:00","twitter_card":"summary_large_image","twitter_misc":{"Est. reading time":"3 minutes"},"schema":{"@context":"https:\/\/schema.org","@graph":[{"@type":"WebPage","@id":"https:\/\/valeriedauchez.com\/en\/charte-de-deontologie\/","url":"https:\/\/valeriedauchez.com\/en\/charte-de-deontologie\/","name":"Charte de d\u00e9ontologie - Val\u00e9rie Dauchez","isPartOf":{"@id":"https:\/\/valeriedauchez.com\/#website"},"datePublished":"2019-08-27T12:37:47+00:00","dateModified":"2019-08-27T12:40:51+00:00","breadcrumb":{"@id":"https:\/\/valeriedauchez.com\/en\/charte-de-deontologie\/#breadcrumb"},"inLanguage":"en-US","potentialAction":[{"@type":"ReadAction","target":["https:\/\/valeriedauchez.com\/en\/charte-de-deontologie\/"]}]},{"@type":"BreadcrumbList","@id":"https:\/\/valeriedauchez.com\/en\/charte-de-deontologie\/#breadcrumb","itemListElement":[{"@type":"ListItem","position":1,"name":"Accueil","item":"https:\/\/valeriedauchez.com\/"},{"@type":"ListItem","position":2,"name":"Charte de d\u00e9ontologie"}]},{"@type":"WebSite","@id":"https:\/\/valeriedauchez.com\/#website","url":"https:\/\/valeriedauchez.com\/","name":"Val\u00e9rie Dauchez","description":"Les jeunes sont le changement que nous voulons voir dans le monde!","publisher":{"@id":"https:\/\/valeriedauchez.com\/#organization"},"potentialAction":[{"@type":"SearchAction","target":{"@type":"EntryPoint","urlTemplate":"https:\/\/valeriedauchez.com\/?s={search_term_string}"},"query-input":"required name=search_term_string"}],"inLanguage":"en-US"},{"@type":"Organization","@id":"https:\/\/valeriedauchez.com\/#organization","name":"VD Coaching","url":"https:\/\/valeriedauchez.com\/","logo":{"@type":"ImageObject","inLanguage":"en-US","@id":"https:\/\/valeriedauchez.com\/#\/schema\/logo\/image\/","url":"https:\/\/apprendre-efficacement.fr\/wp-content\/uploads\/2018\/03\/LOGO-VD-Coahcing-1.jpg","contentUrl":"https:\/\/apprendre-efficacement.fr\/wp-content\/uploads\/2018\/03\/LOGO-VD-Coahcing-1.jpg","width":819,"height":819,"caption":"VD Coaching"},"image":{"@id":"https:\/\/valeriedauchez.com\/#\/schema\/logo\/image\/"},"sameAs":["https:\/\/www.facebook.com\/VD-Coaching-150244235648675\/"]}]}},"_links":{"self":[{"href":"https:\/\/valeriedauchez.com\/en\/wp-json\/wp\/v2\/pages\/11544","targetHints":{"allow":["GET"]}}],"collection":[{"href":"https:\/\/valeriedauchez.com\/en\/wp-json\/wp\/v2\/pages"}],"about":[{"href":"https:\/\/valeriedauchez.com\/en\/wp-json\/wp\/v2\/types\/page"}],"author":[{"embeddable":true,"href":"https:\/\/valeriedauchez.com\/en\/wp-json\/wp\/v2\/users\/1"}],"replies":[{"embeddable":true,"href":"https:\/\/valeriedauchez.com\/en\/wp-json\/wp\/v2\/comments?post=11544"}],"version-history":[{"count":3,"href":"https:\/\/valeriedauchez.com\/en\/wp-json\/wp\/v2\/pages\/11544\/revisions"}],"predecessor-version":[{"id":11548,"href":"https:\/\/valeriedauchez.com\/en\/wp-json\/wp\/v2\/pages\/11544\/revisions\/11548"}],"wp:attachment":[{"href":"https:\/\/valeriedauchez.com\/en\/wp-json\/wp\/v2\/media?parent=11544"}],"curies":[{"name":"wp","href":"https:\/\/api.w.org\/{rel}","templated":true}]}}